{"id":7,"date":"2026-05-09T06:22:59","date_gmt":"2026-05-09T06:22:59","guid":{"rendered":"https:\/\/kockaverzum.eu\/?page_id=7"},"modified":"2026-05-11T19:52:41","modified_gmt":"2026-05-11T19:52:41","slug":"landing-page","status":"publish","type":"page","link":"https:\/\/kockaverzum.eu\/?page_id=7","title":{"rendered":"Landing Page"},"content":{"rendered":"\n<div class=\"wp-block-group alignfull has-background has-global-padding is-layout-constrained wp-container-core-group-is-layout-1799afb1 wp-block-group-is-layout-constrained\" style=\"background-color:#ffffff;padding-top:0px;padding-right:0px;padding-bottom:0px;padding-left:0px\">\n<figure class=\"wp-block-image aligncenter size-full is-resized has-custom-border\" style=\"margin-top:0;margin-right:0;margin-bottom:0;margin-left:0\"><img loading=\"lazy\" decoding=\"async\" width=\"694\" height=\"694\" src=\"https:\/\/kockaverzum.eu\/wp-content\/uploads\/2026\/05\/lego_magyar_piacter-edited.png\" alt=\"\" class=\"wp-image-15\" style=\"border-style:none;border-width:0px;border-top-left-radius:0px;border-top-right-radius:0px;border-bottom-left-radius:0px;border-bottom-right-radius:0px;object-fit:cover;width:350px;height:350px\" srcset=\"https:\/\/kockaverzum.eu\/wp-content\/uploads\/2026\/05\/lego_magyar_piacter-edited.png 694w, https:\/\/kockaverzum.eu\/wp-content\/uploads\/2026\/05\/lego_magyar_piacter-edited-300x300.png 300w, https:\/\/kockaverzum.eu\/wp-content\/uploads\/2026\/05\/lego_magyar_piacter-edited-150x150.png 150w\" sizes=\"auto, (max-width: 694px) 100vw, 694px\" \/><\/figure>\n\n\n\n<h1 class=\"wp-block-heading has-text-align-center has-black-color has-text-color\" style=\"margin-top:0;margin-bottom:var(--wp--preset--spacing--40);font-size:clamp(42.901px, 2.681rem + ((1vw - 3.2px) * 3.833), 82px);font-weight:900;letter-spacing:-3px;line-height:0.95\">\nKockaverzum\n<\/h1>\n\n\n\n<p class=\"has-text-align-center has-black-color has-text-color\" style=\"margin-bottom:25px;font-size:clamp(18.959px, 1.185rem + ((1vw - 3.2px) * 1.082), 30px);font-weight:500;line-height:1.5\">\nMagyar LEGO piact\u00e9r \u00e9s \u00e9p\u00edt\u0151kocka k\u00f6z\u00f6ss\u00e9g.\n<\/p>\n\n\n\n<p class=\"has-text-align-center has-gray-color has-text-color\" style=\"margin-bottom:55px;font-size:clamp(14px, 0.875rem + ((1vw - 3.2px) * 0.392), 18px);line-height:1.9\">\nHaszn\u00e1lt LEGO k\u00e9szletek, ritka szettek, LEGO kompatibilis \u00e9p\u00edt\u0151elemek, MOC \u00e9p\u00edt\u00e9sek \u00e9s k\u00f6z\u00f6ss\u00e9g \u2014 egy helyen.\n<\/p>\n\n\n<p>[fluentform id=&#8221;1&#8243;]<\/p>\n\n\n\n<p class=\"has-text-align-center has-gray-color has-text-color\" style=\"margin-top:18px;margin-bottom:0;font-size:14px\">\n\u00c9rtes\u00edt\u00fcnk amikor elindul a Kockaverzum \ud83d\ude80\n<\/p>\n<\/div>\n\n\n\n<div class=\"wp-block-group alignfull has-background has-global-padding is-layout-constrained wp-container-core-group-is-layout-8d454b99 wp-block-group-is-layout-constrained\" style=\"background-color:#f5f7f5;padding-top:90px;padding-right:24px;padding-bottom:90px;padding-left:24px\">\n<div class=\"wp-block-columns is-layout-flex wp-container-core-columns-is-layout-6cedfde3 wp-block-columns-is-layout-flex\">\n<div class=\"wp-block-column is-layout-flow wp-block-column-is-layout-flow\">\n<div class=\"wp-block-group has-background is-layout-flow wp-block-group-is-layout-flow\" style=\"border-radius:22px;background-color:#ffffff;padding-top:38px;padding-right:32px;padding-bottom:38px;padding-left:32px\">\n<h3 class=\"wp-block-heading has-black-color has-text-color\" style=\"margin-bottom:18px;font-size:clamp(15.747px, 0.984rem + ((1vw - 3.2px) * 0.809), 24px);font-weight:800\">LEGO piact\u00e9r <\/h3>\n\n\n\n<p class=\"has-gray-color has-text-color\" style=\"font-size:clamp(14px, 0.875rem + ((1vw - 3.2px) * 0.196), 16px);line-height:1.9\">\nHaszn\u00e1lt \u00e9s \u00faj LEGO k\u00e9szletek, minifigur\u00e1k \u00e9s ritka gy\u0171jt\u0151i szettek magyar elad\u00f3kt\u00f3l.\n<\/p>\n<\/div>\n<\/div>\n\n\n\n<div class=\"wp-block-column is-layout-flow wp-block-column-is-layout-flow\">\n<div class=\"wp-block-group has-background is-layout-flow wp-block-group-is-layout-flow\" style=\"border-radius:22px;background-color:#ffffff;padding-top:38px;padding-right:32px;padding-bottom:38px;padding-left:32px\">\n<h3 class=\"wp-block-heading has-black-color has-text-color\" style=\"margin-bottom:18px;font-size:clamp(15.747px, 0.984rem + ((1vw - 3.2px) * 0.809), 24px);font-weight:800\">Kompatibilis elemek <\/h3>\n\n\n\n<p class=\"has-gray-color has-text-color\" style=\"font-size:clamp(14px, 0.875rem + ((1vw - 3.2px) * 0.196), 16px);line-height:1.9\">\nMould King, CaDA \u00e9s m\u00e1s LEGO kompatibilis \u00e9p\u00edt\u0151elem m\u00e1rk\u00e1k egy helyen.\n<\/p>\n<\/div>\n<\/div>\n\n\n\n<div class=\"wp-block-column is-layout-flow wp-block-column-is-layout-flow\">\n<div class=\"wp-block-group has-background is-layout-flow wp-block-group-is-layout-flow\" style=\"border-radius:22px;background-color:#ffffff;padding-top:38px;padding-right:32px;padding-bottom:38px;padding-left:32px\">\n<h3 class=\"wp-block-heading has-black-color has-text-color\" style=\"margin-bottom:18px;font-size:clamp(15.747px, 0.984rem + ((1vw - 3.2px) * 0.809), 24px);font-weight:800\">K\u00f6z\u00f6ss\u00e9g <\/h3>\n\n\n\n<p class=\"has-gray-color has-text-color\" style=\"font-size:clamp(14px, 0.875rem + ((1vw - 3.2px) * 0.196), 16px);line-height:1.9\">\nMOC \u00e9p\u00edt\u0151k, gy\u0171jt\u0151k \u00e9s kreat\u00edv LEGO projektek k\u00f6z\u00f6ss\u00e9ge.\n<\/p>\n<\/div>\n<\/div>\n<\/div>\n<\/div>\n","protected":false},"excerpt":{"rendered":"<p>Kockaverzum Magyar LEGO piact\u00e9r \u00e9s \u00e9p\u00edt\u0151kocka k\u00f6z\u00f6ss\u00e9g. Haszn\u00e1lt LEGO k\u00e9szletek, ritka szettek, LEGO kompatibilis \u00e9p\u00edt\u0151elemek, MOC \u00e9p\u00edt\u00e9sek \u00e9s k\u00f6z\u00f6ss\u00e9g \u2014 egy helyen. \u00c9rtes\u00edt\u00fcnk amikor elindul a Kockaverzum \ud83d\ude80 LEGO piact\u00e9r Haszn\u00e1lt \u00e9s \u00faj LEGO k\u00e9szletek, minifigur\u00e1k \u00e9s ritka gy\u0171jt\u0151i szettek magyar elad\u00f3kt\u00f3l. Kompatibilis elemek Mould King, CaDA \u00e9s m\u00e1s LEGO kompatibilis \u00e9p\u00edt\u0151elem m\u00e1rk\u00e1k egy helyen. [&hellip;]<\/p>\n","protected":false},"author":1,"featured_media":0,"parent":0,"menu_order":0,"comment_status":"closed","ping_status":"closed","template":"page-no-title","meta":{"footnotes":""},"class_list":["post-7","page","type-page","status-publish","hentry"],"_links":{"self":[{"href":"https:\/\/kockaverzum.eu\/index.php?rest_route=\/wp\/v2\/pages\/7","targetHints":{"allow":["GET"]}}],"collection":[{"href":"https:\/\/kockaverzum.eu\/index.php?rest_route=\/wp\/v2\/pages"}],"about":[{"href":"https:\/\/kockaverzum.eu\/index.php?rest_route=\/wp\/v2\/types\/page"}],"author":[{"embeddable":true,"href":"https:\/\/kockaverzum.eu\/index.php?rest_route=\/wp\/v2\/users\/1"}],"replies":[{"embeddable":true,"href":"https:\/\/kockaverzum.eu\/index.php?rest_route=%2Fwp%2Fv2%2Fcomments&post=7"}],"version-history":[{"count":6,"href":"https:\/\/kockaverzum.eu\/index.php?rest_route=\/wp\/v2\/pages\/7\/revisions"}],"predecessor-version":[{"id":25,"href":"https:\/\/kockaverzum.eu\/index.php?rest_route=\/wp\/v2\/pages\/7\/revisions\/25"}],"wp:attachment":[{"href":"https:\/\/kockaverzum.eu\/index.php?rest_route=%2Fwp%2Fv2%2Fmedia&parent=7"}],"curies":[{"name":"wp","href":"https:\/\/api.w.org\/{rel}","templated":true}]}}